{"id":448,"date":"2025-02-10T21:49:09","date_gmt":"2025-02-10T21:49:09","guid":{"rendered":"http:\/\/petri.local\/?page_id=448"},"modified":"2025-02-28T17:16:41","modified_gmt":"2025-02-28T17:16:41","slug":"about-us","status":"publish","type":"page","link":"https:\/\/petrium.de\/ru\/about-us\/","title":{"rendered":"About US"},"content":{"rendered":"<p>[et_pb_section fb_built=&#187;1&#8243; admin_label=&#187;Call to Action&#187; _builder_version=&#187;4.20.0&#8243; _module_preset=&#187;default&#187; da_disable_devices=&#187;off|off|off&#187; collapsed=&#187;off&#187; global_colors_info=&#187;{}&#187; da_is_popup=&#187;off&#187; da_exit_intent=&#187;off&#187; da_has_close=&#187;on&#187; da_alt_close=&#187;off&#187; da_dark_close=&#187;off&#187; da_not_modal=&#187;on&#187; da_is_singular=&#187;off&#187; da_with_loader=&#187;off&#187; da_has_shadow=&#187;on&#187;][et_pb_row column_structure=&#187;1_2,1_2&#8243; custom_padding_last_edited=&#187;on|tablet&#187; _builder_version=&#187;4.18.0&#8243; _module_preset=&#187;default&#187; background_color=&#187;gcid-1b4a3854-7b44-49f6-922e-e1ac36476373&#8243; background_image=&#187;https:\/\/petrium.de\/wp-content\/uploads\/2025\/02\/lines-background-petri.png&#187; parallax=&#187;on&#187; max_width=&#187;1200px&#187; overflow-x=&#187;visible&#187; overflow-y=&#187;visible&#187; custom_padding=&#187;60px|60px|60px|60px|true|true&#187; custom_padding_tablet=&#187;30px|30px|30px|30px|true|true&#187; custom_padding_phone=&#187;20px|20px|20px|20px|true|true&#187; border_radii=&#187;on|40px|40px|40px|40px&#187; global_colors_info=&#187;{%22gcid-1b4a3854-7b44-49f6-922e-e1ac36476373%22:%91%22background_color%22%93}&#187;][et_pb_column type=&#187;1_2&#8243; _builder_version=&#187;4.18.0&#8243; _module_preset=&#187;default&#187; custom_padding=&#187;20%||||false|false&#187; custom_padding_tablet=&#187;0%||||false|false&#187; custom_padding_phone=&#187;0%||||false|false&#187; custom_padding_last_edited=&#187;on|tablet&#187; animation_style=&#187;fade&#187; animation_duration=&#187;1600ms&#187; animation_delay=&#187;100ms&#187; animation_speed_curve=&#187;ease-in&#187; global_colors_info=&#187;{}&#187;][et_pb_image src=&#187;https:\/\/petrium.de\/wp-content\/uploads\/2025\/02\/petri-logistic-icon-reiter.png&#187; title_text=&#187;petri-logistic-icon-reiter&#187; _builder_version=&#187;4.18.0&#8243; _module_preset=&#187;default&#187; background_color=&#187;RGBA(255,255,255,0)&#187; transform_rotate=&#187;0deg|0deg|37deg&#187; transform_skew=&#187;20deg|-10deg&#187; transform_skew_linked=&#187;off&#187; custom_margin=&#187;|-60%|-30%||false|false&#187; custom_margin_tablet=&#187;|10%|10%|10%|false|true&#187; custom_margin_phone=&#187;0%|-16%|0%|-16%|true|true&#187; custom_margin_last_edited=&#187;on|phone&#187; hover_transition_duration=&#187;550ms&#187; scroll_horizontal_motion_enable=&#187;on&#187; scroll_horizontal_motion=&#187;0|50|50|100|-4|0|-4&#8243; scroll_horizontal_motion_tablet=&#187;0|50|50|100|0|0|0&#8243; scroll_horizontal_motion_phone=&#187;0|50|50|100|0|0|0&#8243; scroll_horizontal_motion_last_edited=&#187;on|tablet&#187; border_color_all=&#187;RGBA(255,255,255,0)&#187; global_colors_info=&#187;{}&#187; border_radii__hover_enabled=&#187;on|desktop&#187;][\/et_pb_image][et_pb_image src=&#187;https:\/\/petrium.de\/wp-content\/uploads\/2025\/02\/transparent.png&#187; title_text=&#187;transparent&#187; _builder_version=&#187;4.18.0&#8243; _module_preset=&#187;default&#187; transform_rotate=&#187;0deg|0deg|41deg&#187; transform_skew=&#187;-18deg|-12deg&#187; transform_skew_linked=&#187;off&#187; custom_margin=&#187;|-60%|||false|false&#187; custom_margin_tablet=&#187;|10%|10%|10%|false|true&#187; custom_margin_phone=&#187;0%|-16%|0%|-16%|true|true&#187; custom_margin_last_edited=&#187;on|phone&#187; hover_transition_duration=&#187;0ms&#187; scroll_horizontal_motion_enable=&#187;on&#187; scroll_horizontal_motion=&#187;0|50|50|100|2|0|-2&#8243; scroll_horizontal_motion_tablet=&#187;0|50|50|100|0|0|0&#8243; scroll_horizontal_motion_phone=&#187;0|50|50|100|0|0|0&#8243; scroll_horizontal_motion_last_edited=&#187;on|tablet&#187; border_radii=&#187;on|20px|20px|20px|20px&#187; border_width_right=&#187;6px&#187; border_width_bottom=&#187;6px&#187; box_shadow_style=&#187;preset3&#8243; box_shadow_horizontal=&#187;80px&#187; box_shadow_vertical=&#187;80px&#187; box_shadow_blur=&#187;80px&#187; global_colors_info=&#187;{}&#187;][\/et_pb_image][\/et_pb_column][et_pb_column type=&#187;1_2&#8243; _builder_version=&#187;4.18.0&#8243; _module_preset=&#187;default&#187; global_colors_info=&#187;{}&#187;][et_pb_text _builder_version=&#187;4.27.4&#8243; _module_preset=&#187;41d22913-96ab-4141-8efa-378e854bbfbd&#187; header_4_font=&#187;|700||on|||||&#187; header_4_text_color=&#187;#FFFFFF&#187; header_4_letter_spacing=&#187;0.1em&#187; hover_enabled=&#187;0&#8243; global_colors_info=&#187;{}&#187; content_en_us=&#187;<\/p>\n<h4>OVERCOMING LOGISTICAL CHALLENGES TOGETHER!<\/h4>\n<p>&#187; content_ru_ru=&#187;<\/p>\n<h4>\u0420\u0415\u0428\u0410\u0415\u041c \u041b\u041e\u0413\u0418\u0421\u0422\u0418\u0427\u0415\u0421\u041a\u0418\u0415 \u0432\u043e\u043f\u0440\u043e\u0441\u044b \u0412\u041c\u0415\u0421\u0422\u0415!<\/h4>\n<p>&#187; sticky_enabled=&#187;0&#8243;]<\/p>\n<h4>Logistische Herausforderungen<br \/>\n gemeinsam meistern<\/h4>\n<p>[\/et_pb_text][et_pb_text _builder_version=&#187;4.27.4&#8243; _module_preset=&#187;a9dde962-f41e-40cc-8dcb-2599038fb402&#8243; header_2_font=&#187;|300|||||||&#187; header_2_text_color=&#187;#FFFFFF&#187; hover_enabled=&#187;0&#8243; global_colors_info=&#187;{}&#187; content_en_us=&#187;<\/p>\n<h2>\u201cIt\u2019s the rider that matters \u2013 not the horse.\u201d<\/h2>\n<p>&#187; content_ru_ru=&#187;<\/p>\n<h2>\u201e\u0412\u0430\u0436\u0435\u043d \u0436\u043e\u043a\u0435\u0439, \u0430 \u043d\u0435 \u043b\u043e\u0448\u0430\u0434\u044c.\u201c<\/h2>\n<p>&#187; sticky_enabled=&#187;0&#8243;]<\/p>\n<h2>&#171;Es kommt auf den Reiter &#8212; nicht auf das Pferd an.&#187;<\/h2>\n<p>[\/et_pb_text][et_pb_text _builder_version=&#187;4.18.0&#8243; _module_preset=&#187;d112ca06-5f08-47cb-9c2b-bb99ee00a537&#8243; text_text_color=&#187;#FFFFFF&#187; global_colors_info=&#187;{}&#187;][\/et_pb_text][\/et_pb_column][\/et_pb_row][\/et_pb_section][et_pb_section fb_built=&#187;1&#8243; admin_label=&#187;Header&#187; _builder_version=&#187;4.20.0&#8243; _module_preset=&#187;default&#187; da_disable_devices=&#187;off|off|off&#187; global_module=&#187;446&#8243; collapsed=&#187;off&#187; global_colors_info=&#187;{}&#187; da_is_popup=&#187;off&#187; da_exit_intent=&#187;off&#187; da_has_close=&#187;on&#187; da_alt_close=&#187;off&#187; da_dark_close=&#187;off&#187; da_not_modal=&#187;on&#187; da_is_singular=&#187;off&#187; da_with_loader=&#187;off&#187; da_has_shadow=&#187;on&#187;][et_pb_row column_structure=&#187;3_5,2_5&#8243; _builder_version=&#187;4.20.0&#8243; _module_preset=&#187;default&#187; global_colors_info=&#187;{}&#187;][et_pb_column type=&#187;3_5&#8243; _builder_version=&#187;4.20.0&#8243; _module_preset=&#187;default&#187; global_colors_info=&#187;{}&#187;][et_pb_text _builder_version=&#187;4.18.0&#8243; _module_preset=&#187;41d22913-96ab-4141-8efa-378e854bbfbd&#187; header_4_font=&#187;|700||on|||||&#187; header_4_letter_spacing=&#187;0.1em&#187; global_colors_info=&#187;{}&#187;]<\/p>\n<h4>Petrium Internationale Transporte e.K.\u00a0<\/h4>\n<p>[\/et_pb_text][et_pb_text _builder_version=&#187;4.27.4&#8243; _module_preset=&#187;8f46cfce-ab8e-47a3-b191-2b144373c97f&#187; header_font=&#187;|300|||||||&#187; header_font_size=&#187;52px&#187; custom_margin=&#187;||10px||false|false&#187; hover_enabled=&#187;0&#8243; global_colors_info=&#187;{}&#187; content_en_us=&#187;<\/p>\n<h1>Your Partner for Efficient &#038; Secure Logistics<\/h1>\n<p>&#187; content_ru_ru=&#187;<\/p>\n<h1>\u0412\u0430\u0448 \u043f\u0430\u0440\u0442\u043d\u0435\u0440 \u0434\u043b\u044f \u044d\u0444\u0444\u0435\u043a\u0442\u0438\u0432\u043d\u043e\u0439 \u0438 \u0431\u0435\u0437\u043e\u043f\u0430\u0441\u043d\u043e\u0439 \u043b\u043e\u0433\u0438\u0441\u0442\u0438\u043a\u0438<\/h1>\n<p>&#187; sticky_enabled=&#187;0&#8243;]<\/p>\n<h1>Ihr Partner f\u00fcr effiziente &#038; sichere Logistik<\/h1>\n<p>[\/et_pb_text][et_pb_text _builder_version=&#187;4.27.4&#8243; _module_preset=&#187;d112ca06-5f08-47cb-9c2b-bb99ee00a537&#8243; hover_enabled=&#187;0&#8243; global_colors_info=&#187;{}&#187; content_en_us=&#187;\u201cFor over 25 years, I have been working in the logistics industry, progressing from a small independent entrepreneur to a key market player. In the early 2000s, I founded a transport company that expanded over time to Central Asia.<\/p>\n<p>After 10 years of experience in corporate culture, I am once again offering my services as an independent business partner. <\/p>\n<p>Today, I successfully combine my extensive practical experience with deep knowledge of logistics processes to develop efficient solutions.<\/p>\n<p>You can entrust me with your projects with full confidence \u2013 I always stand by the results. Your success is my top priority.\u201d<\/p>\n<p>Julia Petri, Owner&#187; content_ru_ru=&#187;\u201c\u0411\u043e\u043b\u0435\u0435 25 \u043b\u0435\u0442 \u044f \u0440\u0430\u0431\u043e\u0442\u0430\u044e \u0432 \u0441\u0444\u0435\u0440\u0435 \u043b\u043e\u0433\u0438\u0441\u0442\u0438\u043a\u0438 \u0438 \u043f\u0440\u043e\u0448\u043b\u0430 \u043f\u0443\u0442\u044c \u043e\u0442 \u043d\u0435\u0431\u043e\u043b\u044c\u0448\u043e\u0433\u043e \u0447\u0430\u0441\u0442\u043d\u043e\u0433\u043e \u043f\u0440\u0435\u0434\u043f\u0440\u0438\u043d\u0438\u043c\u0430\u0442\u0435\u043b\u044f \u0434\u043e \u0437\u043d\u0430\u0447\u0438\u043c\u043e\u0433\u043e \u0438\u0433\u0440\u043e\u043a\u0430 \u043d\u0430 \u0440\u044b\u043d\u043a\u0435. \u0412 \u043d\u0430\u0447\u0430\u043b\u0435 2000-\u0445 \u044f \u043e\u0441\u043d\u043e\u0432\u0430\u043b\u0430 \u0442\u0440\u0430\u043d\u0441\u043f\u043e\u0440\u0442\u043d\u0443\u044e \u043a\u043e\u043c\u043f\u0430\u043d\u0438\u044e, \u043a\u043e\u0442\u043e\u0440\u0430\u044f \u0441\u043e \u0432\u0440\u0435\u043c\u0435\u043d\u0435\u043c \u0440\u0430\u0441\u0448\u0438\u0440\u0438\u043b\u0430 \u0434\u0435\u044f\u0442\u0435\u043b\u044c\u043d\u043e\u0441\u0442\u044c \u0434\u043e \u0426\u0435\u043d\u0442\u0440\u0430\u043b\u044c\u043d\u043e\u0439 \u0410\u0437\u0438\u0438.<\/p>\n<p>\u041f\u043e\u0441\u043b\u0435 10 \u043b\u0435\u0442 \u0440\u0430\u0431\u043e\u0442\u044b \u0432 \u043a\u043e\u0440\u043f\u043e\u0440\u0430\u0442\u0438\u0432\u043d\u043e\u0439 \u0441\u0440\u0435\u0434\u0435 \u044f \u0441\u043d\u043e\u0432\u0430 \u043f\u0440\u0435\u0434\u043b\u0430\u0433\u0430\u044e \u0441\u0432\u043e\u0438 \u0443\u0441\u043b\u0443\u0433\u0438 \u0432 \u043a\u0430\u0447\u0435\u0441\u0442\u0432\u0435 \u043d\u0435\u0437\u0430\u0432\u0438\u0441\u0438\u043c\u043e\u0433\u043e \u0434\u0435\u043b\u043e\u0432\u043e\u0433\u043e \u043f\u0430\u0440\u0442\u043d\u0435\u0440\u0430. <\/p>\n<p>\u0421\u0435\u0433\u043e\u0434\u043d\u044f \u044f \u0443\u0441\u043f\u0435\u0448\u043d\u043e \u0441\u043e\u0447\u0435\u0442\u0430\u044e \u043e\u0431\u0448\u0438\u0440\u043d\u044b\u0439 \u043f\u0440\u0430\u043a\u0442\u0438\u0447\u0435\u0441\u043a\u0438\u0439 \u043e\u043f\u044b\u0442 \u0441 \u0433\u043b\u0443\u0431\u043e\u043a\u0438\u043c \u043f\u043e\u043d\u0438\u043c\u0430\u043d\u0438\u0435\u043c \u043b\u043e\u0433\u0438\u0441\u0442\u0438\u0447\u0435\u0441\u043a\u0438\u0445 \u043f\u0440\u043e\u0446\u0435\u0441\u0441\u043e\u0432 \u0434\u043b\u044f \u0441\u043e\u0437\u0434\u0430\u043d\u0438\u044f \u044d\u0444\u0444\u0435\u043a\u0442\u0438\u0432\u043d\u044b\u0445 \u0440\u0435\u0448\u0435\u043d\u0438\u0439.<\/p>\n<p>\u0412\u044b \u043c\u043e\u0436\u0435\u0442\u0435 \u043f\u043e\u043b\u043d\u043e\u0441\u0442\u044c\u044e \u0434\u043e\u0432\u0435\u0440\u0438\u0442\u044c \u043c\u043d\u0435 \u0441\u0432\u043e\u0438 \u043f\u0440\u043e\u0435\u043a\u0442\u044b \u2013 \u044f \u0432\u0441\u0435\u0433\u0434\u0430 \u0433\u0430\u0440\u0430\u043d\u0442\u0438\u0440\u0443\u044e \u0440\u0435\u0437\u0443\u043b\u044c\u0442\u0430\u0442. \u0412\u0430\u0448 \u0443\u0441\u043f\u0435\u0445 \u2013 \u043c\u043e\u0439 \u0433\u043b\u0430\u0432\u043d\u044b\u0439 \u043f\u0440\u0438\u043e\u0440\u0438\u0442\u0435\u0442.\u201d<\/p>\n<p>\u042e\u043b\u0438\u044f \u041f\u0435\u0442\u0440\u0438, \u0432\u043b\u0430\u0434\u0435\u043b\u0438\u0446\u0430 \u043a\u043e\u043c\u043f\u0430\u043d\u0438\u0438&#187; sticky_enabled=&#187;0&#8243;]<\/p>\n<p><em>&#171;Seit \u00fcber 25 Jahren bin ich in der Logistik Branche t\u00e4tig und habe den Weg von einer kleinen selbst\u00e4ndigen Unternehmerin bis hin zu einer bedeutenden Marktakteurin zur\u00fcckgelegt. Anfang der 2000er Jahre habe ich ein Transportunternehmen gegr\u00fcndet, das sich im Laufe der Zeit bis Zentralasien entwickelt hat.<\/em><\/p>\n<p><em>Nach 10 Jahren Berufspraxis in der Unternehmenskultur bitte ich wieder meine Dienste als Selbst\u00e4ndige Gesch\u00e4ftspartnerin an. Heute verbinde ich erfolgreich meine umfangreiche praktische Erfahrung mit fundiertem Wissen \u00fcber logistische Prozesse, um effiziente L\u00f6sungen zu entwickeln.<\/em><\/p>\n<p><em>Sie k\u00f6nnen mir Ihre Projekte mit voller Zuversicht anvertrauen: Ich stehe stets f\u00fcr das Ergebnis ein. Ihr Erfolg ist mein oberstes Priorit\u00e4t.&#187;<\/em><\/p>\n<p>Julia Petri, Inhaberin<\/p>\n<p>[\/et_pb_text][et_pb_button button_url=&#187;https:\/\/petrium.de\/#produkte&#187; button_text=&#187;Unsere Leistungen entdecken&#187; _builder_version=&#187;4.27.4&#8243; _module_preset=&#187;53fb8c0c-caee-4298-9922-769fdb8de2e2&#8243; button_text_color=&#187;#FFFFFF&#187; button_bg_color=&#187;#4E888F&#187; button_font=&#187;ABeeZee|700||on|||||&#187; hover_enabled=&#187;0&#8243; global_colors_info=&#187;{}&#187; button_text_en_us=&#187;Discover our services&#187; button_text_ru_ru=&#187;\u043d\u0430\u0448\u0438 \u0443\u0441\u043b\u0443\u0433\u0438&#187; sticky_enabled=&#187;0&#8243;][\/et_pb_button][\/et_pb_column][et_pb_column type=&#187;2_5&#8243; _builder_version=&#187;4.20.0&#8243; _module_preset=&#187;default&#187; global_colors_info=&#187;{}&#187;][et_pb_image src=&#187;https:\/\/petrium.de\/wp-content\/uploads\/2025\/02\/julia-petri-potrait.png&#187; title_text=&#187;julia-petri-potrait&#187; _builder_version=&#187;4.18.0&#8243; _module_preset=&#187;default&#187; background_color=&#187;#FFFFFF&#187; border_radii=&#187;on|40px|40px|40px|40px&#187; box_shadow_style=&#187;preset4&#8243; box_shadow_horizontal=&#187;0px&#187; box_shadow_vertical=&#187;4px&#187; box_shadow_blur=&#187;94px&#187; box_shadow_color=&#187;rgba(0,0,0,0.1)&#187; global_colors_info=&#187;{}&#187;][\/et_pb_image][\/et_pb_column][\/et_pb_row][\/et_pb_section]<\/p>\n","protected":false},"excerpt":{"rendered":"<p>Logistische Herausforderungen gemeinsam meistern&#187;Es kommt auf den Reiter &#8212; nicht auf das Pferd an.&#187;Petrium Internationale Transporte e.K.\u00a0Ihr Partner f\u00fcr effiziente &#038; sichere Logistik&#187;Seit \u00fcber 25 Jahren bin ich in der Logistik Branche t\u00e4tig und habe den Weg von einer kleinen selbst\u00e4ndigen Unternehmerin bis hin zu einer bedeutenden Marktakteurin zur\u00fcckgelegt. Anfang der 2000er Jahre habe ich [&hellip;]<\/p>\n","protected":false},"author":4,"featured_media":0,"parent":0,"menu_order":0,"comment_status":"closed","ping_status":"closed","template":"","meta":{"_et_pb_use_builder":"on","_et_pb_old_content":"","_et_gb_content_width":"","footnotes":""},"class_list":["post-448","page","type-page","status-publish","hentry"],"yoast_head":"<!-- This site is optimized with the Yoast SEO plugin v27.3 - https:\/\/yoast.com\/product\/yoast-seo-wordpress\/ -->\n<title>Ihr Partner f\u00fcr Logistik \u2013 25 Jahre Erfahrung &amp; Effizienz<\/title>\n<meta name=\"description\" content=\"Logistikexpertin Julia Petri: \u00dcber 25 Jahre Erfahrung in sicheren &amp; effizienten Transportl\u00f6sungen von Europa bis Zentralasien.\" \/>\n<meta name=\"robots\" content=\"index, follow, max-snippet:-1, max-image-preview:large, max-video-preview:-1\" \/>\n<link rel=\"canonical\" href=\"\" \/>\n<meta property=\"og:locale\" content=\"ru_RU\" \/>\n<meta property=\"og:type\" content=\"article\" \/>\n<meta property=\"og:title\" content=\"Ihr Partner f\u00fcr Logistik \u2013 25 Jahre Erfahrung &amp; Effizienz\" \/>\n<meta property=\"og:description\" content=\"Logistikexpertin Julia Petri: \u00dcber 25 Jahre Erfahrung in sicheren &amp; effizienten Transportl\u00f6sungen von Europa bis Zentralasien.\" \/>\n<meta property=\"og:url\" content=\"https:\/\/petrium.de\/ru\/about-us\/\" \/>\n<meta property=\"og:site_name\" content=\"Petrium Internationale Transporte e.K.&nbsp;\" \/>\n<meta property=\"article:modified_time\" content=\"2025-02-28T17:16:41+00:00\" \/>\n<meta name=\"twitter:card\" content=\"summary_large_image\" \/>\n<meta name=\"twitter:label1\" content=\"\u041f\u0440\u0438\u043c\u0435\u0440\u043d\u043e\u0435 \u0432\u0440\u0435\u043c\u044f \u0434\u043b\u044f \u0447\u0442\u0435\u043d\u0438\u044f\" \/>\n\t<meta name=\"twitter:data1\" content=\"2 \u043c\u0438\u043d\u0443\u0442\u044b\" \/>\n<script type=\"application\/ld+json\" class=\"yoast-schema-graph\">{\"@context\":\"https:\\\/\\\/schema.org\",\"@graph\":[{\"@type\":\"WebPage\",\"@id\":\"https:\\\/\\\/petrium.de\\\/ru\\\/about-us\\\/\",\"url\":\"https:\\\/\\\/petrium.de\\\/ru\\\/about-us\\\/\",\"name\":\"Ihr Partner f\u00fcr Logistik \u2013 25 Jahre Erfahrung & Effizienz\",\"isPartOf\":{\"@id\":\"https:\\\/\\\/petrium.de\\\/#website\"},\"datePublished\":\"2025-02-10T21:49:09+00:00\",\"dateModified\":\"2025-02-28T17:16:41+00:00\",\"description\":\"Logistikexpertin Julia Petri: \u00dcber 25 Jahre Erfahrung in sicheren & effizienten Transportl\u00f6sungen von Europa bis Zentralasien.\",\"breadcrumb\":{\"@id\":\"https:\\\/\\\/petrium.de\\\/ru\\\/about-us\\\/#breadcrumb\"},\"inLanguage\":\"ru-RU\",\"potentialAction\":[{\"@type\":\"ReadAction\",\"target\":[\"https:\\\/\\\/petrium.de\\\/ru\\\/about-us\\\/\"]}]},{\"@type\":\"BreadcrumbList\",\"@id\":\"https:\\\/\\\/petrium.de\\\/ru\\\/about-us\\\/#breadcrumb\",\"itemListElement\":[{\"@type\":\"ListItem\",\"position\":1,\"name\":\"Main\",\"item\":\"https:\\\/\\\/petrium.de\\\/\"},{\"@type\":\"ListItem\",\"position\":2,\"name\":\"About US\"}]},{\"@type\":\"WebSite\",\"@id\":\"https:\\\/\\\/petrium.de\\\/ru\\\/#website\",\"url\":\"https:\\\/\\\/petrium.de\\\/ru\\\/\",\"name\":\"Petrium Internationale Transporte e.K.\u00a0\",\"description\":\"\",\"publisher\":{\"@id\":\"https:\\\/\\\/petrium.de\\\/ru\\\/#organization\"},\"potentialAction\":[{\"@type\":\"SearchAction\",\"target\":{\"@type\":\"EntryPoint\",\"urlTemplate\":\"https:\\\/\\\/petrium.de\\\/ru\\\/?s={search_term_string}\"},\"query-input\":{\"@type\":\"PropertyValueSpecification\",\"valueRequired\":true,\"valueName\":\"search_term_string\"}}],\"inLanguage\":\"ru-RU\"},{\"@type\":\"Organization\",\"@id\":\"https:\\\/\\\/petrium.de\\\/ru\\\/#organization\",\"name\":\"Petrium Internationale Transporte e.K.\u00a0\",\"url\":\"https:\\\/\\\/petrium.de\\\/ru\\\/\",\"logo\":{\"@type\":\"ImageObject\",\"inLanguage\":\"ru-RU\",\"@id\":\"https:\\\/\\\/petrium.de\\\/ru\\\/#\\\/schema\\\/logo\\\/image\\\/\",\"url\":\"https:\\\/\\\/petrium.de\\\/wp-content\\\/uploads\\\/2025\\\/02\\\/Logo_Logo-Schrift.svg\",\"contentUrl\":\"https:\\\/\\\/petrium.de\\\/wp-content\\\/uploads\\\/2025\\\/02\\\/Logo_Logo-Schrift.svg\",\"width\":2880,\"height\":1200,\"caption\":\"Petrium Internationale Transporte e.K.\u00a0\"},\"image\":{\"@id\":\"https:\\\/\\\/petrium.de\\\/ru\\\/#\\\/schema\\\/logo\\\/image\\\/\"}}]}<\/script>\n<!-- \/ Yoast SEO plugin. -->","yoast_head_json":{"title":"Ihr Partner f\u00fcr Logistik \u2013 25 Jahre Erfahrung & Effizienz","description":"Logistikexpertin Julia Petri: \u00dcber 25 Jahre Erfahrung in sicheren & effizienten Transportl\u00f6sungen von Europa bis Zentralasien.","robots":{"index":"index","follow":"follow","max-snippet":"max-snippet:-1","max-image-preview":"max-image-preview:large","max-video-preview":"max-video-preview:-1"},"canonical":"[et_pb_section fb_built=\"1\" admin_label=\"Call to Action\" _builder_version=\"4.20.0\" _module_preset=\"default\" da_disable_devices=\"off|off|off\" collapsed=\"off\" global_colors_info=\"{}\" da_is_popup=\"off\" da_exit_intent=\"off\" da_has_close=\"on\" da_alt_close=\"off\" da_dark_close=\"off\" da_not_modal=\"on\" da_is_singular=\"off\" da_with_loader=\"off\" da_has_shadow=\"on\"][et_pb_row column_structure=\"1_2,1_2\" custom_padding_last_edited=\"on|tablet\" _builder_version=\"4.18.0\" _module_preset=\"default\" background_color=\"gcid-1b4a3854-7b44-49f6-922e-e1ac36476373\" background_image=\"https:\/\/petrium.de\/wp-content\/uploads\/2025\/02\/lines-background-petri.png\" parallax=\"on\" max_width=\"1200px\" overflow-x=\"visible\" overflow-y=\"visible\" custom_padding=\"60px|60px|60px|60px|true|true\" custom_padding_tablet=\"30px|30px|30px|30px|true|true\" custom_padding_phone=\"20px|20px|20px|20px|true|true\" border_radii=\"on|40px|40px|40px|40px\" global_colors_info=\"{\"gcid-1b4a3854-7b44-49f6-922e-e1ac36476373\":?\"background_color\"?}\"][et_pb_column type=\"1_2\" _builder_version=\"4.18.0\" _module_preset=\"default\" custom_padding=\"20%||||false|false\" custom_padding_tablet=\"0%||||false|false\" custom_padding_phone=\"0%||||false|false\" custom_padding_last_edited=\"on|tablet\" animation_style=\"fade\" animation_duration=\"1600ms\" animation_delay=\"100ms\" animation_speed_curve=\"ease-in\" global_colors_info=\"{}\"][et_pb_image src=\"https:\/\/petrium.de\/wp-content\/uploads\/2025\/02\/petri-logistic-icon-reiter.png\" title_text=\"petri-logistic-icon-reiter\" _builder_version=\"4.18.0\" _module_preset=\"default\" background_color=\"RGBA(255,255,255,0)\" transform_rotate=\"0deg|0deg|37deg\" transform_skew=\"20deg|-10deg\" transform_skew_linked=\"off\" custom_margin=\"|-60%|-30%||false|false\"&hellip;","og_locale":"ru_RU","og_type":"article","og_title":"Ihr Partner f\u00fcr Logistik \u2013 25 Jahre Erfahrung & Effizienz","og_description":"Logistikexpertin Julia Petri: \u00dcber 25 Jahre Erfahrung in sicheren & effizienten Transportl\u00f6sungen von Europa bis Zentralasien.","og_url":"https:\/\/petrium.de\/ru\/about-us\/","og_site_name":"Petrium Internationale Transporte e.K.&nbsp;","article_modified_time":"2025-02-28T17:16:41+00:00","twitter_card":"summary_large_image","twitter_misc":{"\u041f\u0440\u0438\u043c\u0435\u0440\u043d\u043e\u0435 \u0432\u0440\u0435\u043c\u044f \u0434\u043b\u044f \u0447\u0442\u0435\u043d\u0438\u044f":"2 \u043c\u0438\u043d\u0443\u0442\u044b"},"schema":{"@context":"https:\/\/schema.org","@graph":[{"@type":"WebPage","@id":"https:\/\/petrium.de\/ru\/about-us\/","url":"https:\/\/petrium.de\/ru\/about-us\/","name":"Ihr Partner f\u00fcr Logistik \u2013 25 Jahre Erfahrung & Effizienz","isPartOf":{"@id":"https:\/\/petrium.de\/#website"},"datePublished":"2025-02-10T21:49:09+00:00","dateModified":"2025-02-28T17:16:41+00:00","description":"Logistikexpertin Julia Petri: \u00dcber 25 Jahre Erfahrung in sicheren & effizienten Transportl\u00f6sungen von Europa bis Zentralasien.","breadcrumb":{"@id":"https:\/\/petrium.de\/ru\/about-us\/#breadcrumb"},"inLanguage":"ru-RU","potentialAction":[{"@type":"ReadAction","target":["https:\/\/petrium.de\/ru\/about-us\/"]}]},{"@type":"BreadcrumbList","@id":"https:\/\/petrium.de\/ru\/about-us\/#breadcrumb","itemListElement":[{"@type":"ListItem","position":1,"name":"Main","item":"https:\/\/petrium.de\/"},{"@type":"ListItem","position":2,"name":"About US"}]},{"@type":"WebSite","@id":"https:\/\/petrium.de\/ru\/#website","url":"https:\/\/petrium.de\/ru\/","name":"Petrium Internationale Transporte e.K.\u00a0","description":"","publisher":{"@id":"https:\/\/petrium.de\/ru\/#organization"},"potentialAction":[{"@type":"SearchAction","target":{"@type":"EntryPoint","urlTemplate":"https:\/\/petrium.de\/ru\/?s={search_term_string}"},"query-input":{"@type":"PropertyValueSpecification","valueRequired":true,"valueName":"search_term_string"}}],"inLanguage":"ru-RU"},{"@type":"Organization","@id":"https:\/\/petrium.de\/ru\/#organization","name":"Petrium Internationale Transporte e.K.\u00a0","url":"https:\/\/petrium.de\/ru\/","logo":{"@type":"ImageObject","inLanguage":"ru-RU","@id":"https:\/\/petrium.de\/ru\/#\/schema\/logo\/image\/","url":"https:\/\/petrium.de\/wp-content\/uploads\/2025\/02\/Logo_Logo-Schrift.svg","contentUrl":"https:\/\/petrium.de\/wp-content\/uploads\/2025\/02\/Logo_Logo-Schrift.svg","width":2880,"height":1200,"caption":"Petrium Internationale Transporte e.K.\u00a0"},"image":{"@id":"https:\/\/petrium.de\/ru\/#\/schema\/logo\/image\/"}}]}},"_links":{"self":[{"href":"https:\/\/petrium.de\/ru\/wp-json\/wp\/v2\/pages\/448","targetHints":{"allow":["GET"]}}],"collection":[{"href":"https:\/\/petrium.de\/ru\/wp-json\/wp\/v2\/pages"}],"about":[{"href":"https:\/\/petrium.de\/ru\/wp-json\/wp\/v2\/types\/page"}],"author":[{"embeddable":true,"href":"https:\/\/petrium.de\/ru\/wp-json\/wp\/v2\/users\/4"}],"replies":[{"embeddable":true,"href":"https:\/\/petrium.de\/ru\/wp-json\/wp\/v2\/comments?post=448"}],"version-history":[{"count":40,"href":"https:\/\/petrium.de\/ru\/wp-json\/wp\/v2\/pages\/448\/revisions"}],"predecessor-version":[{"id":1056,"href":"https:\/\/petrium.de\/ru\/wp-json\/wp\/v2\/pages\/448\/revisions\/1056"}],"wp:attachment":[{"href":"https:\/\/petrium.de\/ru\/wp-json\/wp\/v2\/media?parent=448"}],"curies":[{"name":"wp","href":"https:\/\/api.w.org\/{rel}","templated":true}]}}